{"id":201,"date":"2020-11-06T13:41:00","date_gmt":"2020-11-06T12:41:00","guid":{"rendered":"https:\/\/nuding-immobilien.de\/?page_id=201"},"modified":"2026-03-01T13:55:03","modified_gmt":"2026-03-01T12:55:03","slug":"impressum","status":"publish","type":"page","link":"https:\/\/nuding-immobilien.de\/?page_id=201","title":{"rendered":"Impressum"},"content":{"rendered":"\n<figure class=\"wp-block-table is-style-stripes\"><table><tbody><tr><td><\/td><\/tr><tr><td>Informationspflicht nach \u00a76 TDG<br>&nbsp;<br>NUDiNG Immobilien GmbH<br>Gesch\u00e4ftsf\u00fchrerin: Gisa Nuding<br>Rosenstr. 27<br>73565 Spraitbach<br>&nbsp;<br>Tel:&nbsp;&nbsp;&nbsp;&nbsp; 07176 \u2013 4361<br>Fax:&nbsp;&nbsp;&nbsp; 07176 \u2013 4362<br><a href=\"mailto:info@nuding-immobilien.de\">info@nuding-immobilien.de<\/a><br><a href=\"http:\/\/www.nuding-immobilien.de\">www.nuding-immobilien.de<\/a><br>&nbsp;<br>Berufskammer: &nbsp;&nbsp;&nbsp;&nbsp;&nbsp;  Industrie und Handelskammer Ostw\u00fcrttemberg,<br>                                Ludwig-Erhard-Str.1, 89520 Heidenheim<br>                               &nbsp;<br>Gewerbeerlaubnis: Zugelassen nach \u00a734c GewO <br>Aufsichtsbeh\u00f6rde: IHK Ostw\u00fcrttemberg<br><br>Amtsgericht Ulm: HRB 7482656<br>Steuernummer: 83085\/28734<br>&nbsp;<br>Erf\u00fcllungsort und Gerichtsstand: Schw\u00e4bisch Gm\u00fcnd<br>&nbsp;<br>Verantwortlich f\u00fcr den Internetauftritt:&nbsp;Gisa Nuding<br>Web-Design \/ Administration:&nbsp;Gisa Nuding<br>&nbsp;<br>S\u00e4mtliche Angaben zu den Immobilienobjekten stammen ausschlie\u00dflich vom jeweiligen Verk\u00e4ufer \/ Vermieter.<br>Eine Gew\u00e4hr f\u00fcr die Richtigkeit der Angaben kann von Seiten der NUDiNG Immobilien GmbH nicht \u00fcbernommen werden.<br>&nbsp;<br>&nbsp;<br>Verbraucherinformationen:<br>Online-Streitbeilegung gem\u00e4\u00df Art. 14 Abs.1 ODR-VO und \u00a736 VSBG<br>&nbsp;<br>Die Europ\u00e4ische Kommission stellt eine Plattform f\u00fcr die au\u00dfergerichtliche Online-Streitbeilegung (OS-Plattform) bereit, die unter www.ec.europa.eu\/consumers\/odr aufrufbar ist. Wir sind zur Teilnahme am Streitschlichtungsverfahren verpflichtet. Unsere E-Mail-Adresse<br>finden Sie in unserem Impressum. Eine Liste mit den Kontaktdaten der anerkannten Streitschlichtungsstellen finden Sie unter https:\/\/ec.europa.eu\/consumers\/odr\/main\/index.cfm?event=main.adr.show.<br>&nbsp;<br>&nbsp;<br>Plattform der EU-Kommission zur Online-Streitbeilegung: www.ec.europa.eu\/consumers\/odr<br>&nbsp;<br><a rel=\"noreferrer noopener\" href=\"http:\/\/www.ec.europa.eu\/consumers\/odr\" target=\"_blank\">URL: www.ec.europa.eu\/consumers\/odr<\/a><br>&nbsp;<br>Bildquellen:<br>https:\/\/pixabay.com\/de\/vectors\/haus-dach-blau-land-county-home-158939\/<\/td><\/tr><\/tbody><\/table><\/figure>\n","protected":false},"excerpt":{"rendered":"<p>Informationspflicht nach \u00a76 TDG&nbsp;NUDiNG Immobilien GmbHGesch\u00e4ftsf\u00fchrerin: Gisa NudingRosenstr. 2773565 Spraitbach&nbsp;Tel:&nbsp;&nbsp;&nbsp;&nbsp; 07176 \u2013 4361Fax:&nbsp;&nbsp;&nbsp; 07176 \u2013 4362info@nuding-immobilien.dewww.nuding-immobilien.de&nbsp;Berufskammer: &nbsp;&nbsp;&nbsp;&nbsp;&nbsp; Industrie und Handelskammer Ostw\u00fcrttemberg, Ludwig-Erhard-Str.1, 89520 Heidenheim &nbsp;Gewerbeerlaubnis: Zugelassen nach \u00a734c GewO Aufsichtsbeh\u00f6rde: IHK Ostw\u00fcrttemberg Amtsgericht Ulm: HRB 7482656Steuernummer: 83085\/28734&nbsp;Erf\u00fcllungsort und Gerichtsstand: Schw\u00e4bisch Gm\u00fcnd&nbsp;Verantwortlich f\u00fcr den Internetauftritt:&nbsp;Gisa NudingWeb-Design \/ Administration:&nbsp;Gisa Nuding&nbsp;S\u00e4mtliche Angaben zu den Immobilienobjekten stammen ausschlie\u00dflich vom<\/p><\/div>\n<div class=\"blog-btn\"><a href=\"https:\/\/nuding-immobilien.de\/?page_id=201\" class=\"home-blog-btn\">Weiterlesen<\/a><\/p>\n","protected":false},"author":1,"featured_media":0,"parent":0,"menu_order":0,"comment_status":"closed","ping_status":"closed","template":"","meta":{"footnotes":""},"_links":{"self":[{"href":"https:\/\/nuding-immobilien.de\/index.php?rest_route=\/wp\/v2\/pages\/201"}],"collection":[{"href":"https:\/\/nuding-immobilien.de\/index.php?rest_route=\/wp\/v2\/pages"}],"about":[{"href":"https:\/\/nuding-immobilien.de\/index.php?rest_route=\/wp\/v2\/types\/page"}],"author":[{"embeddable":true,"href":"https:\/\/nuding-immobilien.de\/index.php?rest_route=\/wp\/v2\/users\/1"}],"replies":[{"embeddable":true,"href":"https:\/\/nuding-immobilien.de\/index.php?rest_route=%2Fwp%2Fv2%2Fcomments&post=201"}],"version-history":[{"count":14,"href":"https:\/\/nuding-immobilien.de\/index.php?rest_route=\/wp\/v2\/pages\/201\/revisions"}],"predecessor-version":[{"id":1484,"href":"https:\/\/nuding-immobilien.de\/index.php?rest_route=\/wp\/v2\/pages\/201\/revisions\/1484"}],"wp:attachment":[{"href":"https:\/\/nuding-immobilien.de\/index.php?rest_route=%2Fwp%2Fv2%2Fmedia&parent=201"}],"curies":[{"name":"wp","href":"https:\/\/api.w.org\/{rel}","templated":true}]}}