{"id":444,"date":"2021-04-29T16:15:13","date_gmt":"2021-04-29T14:15:13","guid":{"rendered":"https:\/\/nuding-immobilien.de\/?page_id=444"},"modified":"2022-09-27T19:32:19","modified_gmt":"2022-09-27T17:32:19","slug":"wir-suchen","status":"publish","type":"page","link":"https:\/\/nuding-immobilien.de\/?page_id=444","title":{"rendered":"Wir suchen"},"content":{"rendered":"\n<p class=\"has-vivid-cyan-blue-color has-text-color has-medium-font-size\"><strong>F\u00fcr bestehende Kundenanfragen suchen wir immer Immobilien jeder Art, auch Abrissobjekte, Geh\u00f6fte, Baugrundst\u00fccke, Gewerbeimmobilien<\/strong><\/p>\n\n\n\n<p><strong>Bauernhof<\/strong> im Ostalbkreis oder Rems-Murr Kreis gesucht<\/p>\n\n\n\n<p><strong>In allen Landkreisen <\/strong>Baupl\u00e4tze ab 4000 m\u00b2 gesucht zur Erstellung einer Senioren-Wohnanlage <\/p>\n\n\n\n<p><strong>Ein- oder Zweifamilienhaus <\/strong>im Raum Spraitbach, Durlangen, Mutlangen u. Umgebung von Familie gesucht<\/p>\n\n\n\n<p><strong>Zweifamilienhaus <\/strong>im Raum Schw\u00e4bisch Gm\u00fcnd und Umkreis f\u00fcr Mehrgenerationenwohnen gesucht<\/p>\n\n\n\n<p><strong>Ein- oder Zweifamilienhaus<\/strong> im Raum Schw\u00e4bisch Gm\u00fcnd und Umkreis 10 km von Familie gesucht<\/p>\n\n\n\n<p><strong>Wohnimmobilie als Kapitalanlage<\/strong> im Raum Oberkochen\/Aalen von Ehepaar gesucht<\/p>\n\n\n\n<p><strong>Einfamilienhaus oder Zweifamilienhaus<\/strong>, l\u00e4ndlich gelegen, im Ostalbkreis von Familie mit 3 Kindern gesucht<\/p>\n\n\n\n<p><strong>Bauplatz oder Einfamilienhaus<\/strong> im Raum Abtsgm\u00fcnd von Ehepaar gesucht<\/p>\n\n\n\n<p><strong>Bauplatz oder Wohnhaus<\/strong> im Raum Lorch, Schorndorf u. weiteres Remstal von Ehepaar gesucht<\/p>\n\n\n\n<p><strong>Sanierungsimmobilien <\/strong>jeder Art  (Wohnh\u00e4user, Gastst\u00e4tten, Hotels etc.) von Unternehmer gesucht<\/p>\n\n\n\n<p><strong>Ein- oder Zweifamilienhaus<\/strong>, Villa, Bungalow, auch Fachwerk- oder Bauernhaus im Raum Schw\u00e4bisch Gm\u00fcnd und Schorndorf, Umkreis jeweils ca. 15 km, von Arztehepaar gesucht<\/p>\n\n\n\n<p><strong>Autowerkstatt oder Halle<\/strong>, die als Autowerkstatt genutzt werden kann.  Vorrangig Raum Schw\u00e4bisch Gm\u00fcnd, Aalen, Ellwangen, von Unternehmer gesucht <\/p>\n\n\n\n<p><strong>Haus oder Eigentumswohnung<\/strong> im Raum Schw\u00e4bisch Gm\u00fcnd, Garten oder Balkon, Stellplatz und\/oder Garage von Familie gesucht<\/p>\n\n\n\n<p><strong>RH, RMH oder DHH<\/strong> im Raum Schw\u00e4bisch Gm\u00fcnd von Ehepaar im Ruhestand gesucht <\/p>\n\n\n\n<p><strong>Eigentumswohnung oder kleines Haus<\/strong>, wenn m\u00f6glich mit gro\u00dfer Garage oder gro\u00dfem Schuppen von Ehepaar gesucht <\/p>\n\n\n\n<p><strong>Gastst\u00e4tte mit Fremdenzimmern, Pension, Hotel<\/strong>  im Raum Schw\u00e4bisch Hall von Unternehmer gesucht <\/p>\n\n\n\n<p><strong>Gro\u00dfe Wohnung oder Haus<\/strong> im Raum Schw\u00e4bisch Gm\u00fcnd, bevorzugt Mutlangen oder Lindach, jedoch auch andere Ortschaften von Familie mit 4 Kindern gesucht<\/p>\n\n\n\n<p><strong>Einfamilienhaus<\/strong>, ggf. mit Einliegerwohnung, auch renovierungs- oder sanierungsbed\u00fcrftig in l\u00e4ndlicher Gegend, ruhig gelegen, im Ostalbkreis, Rems-Murr Kreis, Kreis Hohenlohe oder auch in anderen Kreisen von Paar gesucht<\/p>\n\n\n\n<p><\/p>\n","protected":false},"excerpt":{"rendered":"<p>F\u00fcr bestehende Kundenanfragen suchen wir immer Immobilien jeder Art, auch Abrissobjekte, Geh\u00f6fte, Baugrundst\u00fccke, Gewerbeimmobilien Bauernhof im Ostalbkreis oder Rems-Murr Kreis gesucht In allen Landkreisen Baupl\u00e4tze ab 4000 m\u00b2 gesucht zur Erstellung einer Senioren-Wohnanlage Ein- oder Zweifamilienhaus im Raum Spraitbach, Durlangen, Mutlangen u. Umgebung von Familie gesucht Zweifamilienhaus im Raum Schw\u00e4bisch Gm\u00fcnd und Umkreis f\u00fcr Mehrgenerationenwohnen<\/p><\/div>\n<div class=\"blog-btn\"><a href=\"https:\/\/nuding-immobilien.de\/?page_id=444\" class=\"home-blog-btn\">Weiterlesen<\/a><\/p>\n","protected":false},"author":1,"featured_media":0,"parent":0,"menu_order":0,"comment_status":"closed","ping_status":"closed","template":"","meta":{"footnotes":""},"_links":{"self":[{"href":"https:\/\/nuding-immobilien.de\/index.php?rest_route=\/wp\/v2\/pages\/444"}],"collection":[{"href":"https:\/\/nuding-immobilien.de\/index.php?rest_route=\/wp\/v2\/pages"}],"about":[{"href":"https:\/\/nuding-immobilien.de\/index.php?rest_route=\/wp\/v2\/types\/page"}],"author":[{"embeddable":true,"href":"https:\/\/nuding-immobilien.de\/index.php?rest_route=\/wp\/v2\/users\/1"}],"replies":[{"embeddable":true,"href":"https:\/\/nuding-immobilien.de\/index.php?rest_route=%2Fwp%2Fv2%2Fcomments&post=444"}],"version-history":[{"count":14,"href":"https:\/\/nuding-immobilien.de\/index.php?rest_route=\/wp\/v2\/pages\/444\/revisions"}],"predecessor-version":[{"id":779,"href":"https:\/\/nuding-immobilien.de\/index.php?rest_route=\/wp\/v2\/pages\/444\/revisions\/779"}],"wp:attachment":[{"href":"https:\/\/nuding-immobilien.de\/index.php?rest_route=%2Fwp%2Fv2%2Fmedia&parent=444"}],"curies":[{"name":"wp","href":"https:\/\/api.w.org\/{rel}","templated":true}]}}