{"id":489,"date":"2021-07-06T09:20:33","date_gmt":"2021-07-06T07:20:33","guid":{"rendered":"https:\/\/nuding-immobilien.de\/?page_id=489"},"modified":"2024-10-20T17:14:44","modified_gmt":"2024-10-20T15:14:44","slug":"maklerprovision","status":"publish","type":"page","link":"https:\/\/nuding-immobilien.de\/?page_id=489","title":{"rendered":"Maklerprovision"},"content":{"rendered":"\n<p><strong>Seit dem 23.12.2020 ist die anfallende Maklerprovision durch den Gesetzgeber geregelt. Bislang hatten in einigen Bundesl\u00e4ndern nur die K\u00e4ufer die Maklerprovision zu tragen. Seit dem 23.12.2020 hat sich dies jedoch im Bereich&nbsp; Einfamilienh\u00e4user, Einfamilienh\u00e4user mit Einliegerwohnung, Doppelh\u00e4user, Reihenh\u00e4user und Wohnungen ge\u00e4ndert.&nbsp; Bei diesen Immobilien wird die Maklerprovision nun geteilt. Somit bezahlt der Verk\u00e4ufer als auch der K\u00e4ufer jeweils 50% der anfallenden Maklerprovision, zzgl. der gesetzlich geltenden Mehrwertsteuer.<\/strong><\/p>\n\n\n\n<p><\/p>\n\n\n\n<p><\/p>\n","protected":false},"excerpt":{"rendered":"<p>Seit dem 23.12.2020 ist die anfallende Maklerprovision durch den Gesetzgeber geregelt. Bislang hatten in einigen Bundesl\u00e4ndern nur die K\u00e4ufer die Maklerprovision zu tragen. Seit dem 23.12.2020 hat sich dies jedoch im Bereich&nbsp; Einfamilienh\u00e4user, Einfamilienh\u00e4user mit Einliegerwohnung, Doppelh\u00e4user, Reihenh\u00e4user und Wohnungen ge\u00e4ndert.&nbsp; Bei diesen Immobilien wird die Maklerprovision nun geteilt. Somit bezahlt der Verk\u00e4ufer als auch<\/p><\/div>\n<div class=\"blog-btn\"><a href=\"https:\/\/nuding-immobilien.de\/?page_id=489\" class=\"home-blog-btn\">Weiterlesen<\/a><\/p>\n","protected":false},"author":1,"featured_media":0,"parent":0,"menu_order":0,"comment_status":"closed","ping_status":"closed","template":"","meta":{"footnotes":""},"_links":{"self":[{"href":"https:\/\/nuding-immobilien.de\/index.php?rest_route=\/wp\/v2\/pages\/489"}],"collection":[{"href":"https:\/\/nuding-immobilien.de\/index.php?rest_route=\/wp\/v2\/pages"}],"about":[{"href":"https:\/\/nuding-immobilien.de\/index.php?rest_route=\/wp\/v2\/types\/page"}],"author":[{"embeddable":true,"href":"https:\/\/nuding-immobilien.de\/index.php?rest_route=\/wp\/v2\/users\/1"}],"replies":[{"embeddable":true,"href":"https:\/\/nuding-immobilien.de\/index.php?rest_route=%2Fwp%2Fv2%2Fcomments&post=489"}],"version-history":[{"count":10,"href":"https:\/\/nuding-immobilien.de\/index.php?rest_route=\/wp\/v2\/pages\/489\/revisions"}],"predecessor-version":[{"id":1217,"href":"https:\/\/nuding-immobilien.de\/index.php?rest_route=\/wp\/v2\/pages\/489\/revisions\/1217"}],"wp:attachment":[{"href":"https:\/\/nuding-immobilien.de\/index.php?rest_route=%2Fwp%2Fv2%2Fmedia&parent=489"}],"curies":[{"name":"wp","href":"https:\/\/api.w.org\/{rel}","templated":true}]}}