{"id":490,"date":"2021-07-06T09:20:33","date_gmt":"2021-07-06T07:20:33","guid":{"rendered":"https:\/\/nuding-immobilien.de\/?page_id=490"},"modified":"2022-11-04T13:03:57","modified_gmt":"2022-11-04T12:03:57","slug":"energieausweis","status":"publish","type":"page","link":"https:\/\/nuding-immobilien.de\/?page_id=490","title":{"rendered":"Energieausweis"},"content":{"rendered":"\n<p><strong>Bei Verkauf oder Vermietung einer Immobilie gilt nach Gesetzesvorgabe die Energieausweispflicht (Energiebedarfs- oder Energieverbrauchsausweis). \u00a0Seit Mai 2021 steht hierf\u00fcr das Geb\u00e4udeenergiegesetz (GEG), zuvor galt die Energieeinsparverordnung (EnEV). Der Energieausweis muss dem Interessenten sp\u00e4testens bei der Erstbesichtigung vorgelegt werden.\u00a0 Eine Besichtigung ohne Vorlage eines Energieausweises ist gesetzlich nicht erlaubt. Die Daten des Energieausweises sind zwingend erforderlich im Expos\u00e9 sowie in Anzeigen, in denen die Immobilie beworben wird.\u00a0 Es gibt nur wenige Geb\u00e4ude (z.B. denkmalgesch\u00fctzte Geb\u00e4ude) f\u00fcr die kein Energieausweis ben\u00f6tigt\u00a0 wird.<\/strong><\/p>\n\n\n\n<p><strong>Sollte Ihnen als Verk\u00e4ufer einer Immobilie noch kein g\u00fcltiger Energieausweis vorliegen, k\u00fcmmern wir uns gerne darum. <\/strong>\u00a0\u00a0\u00a0\u00a0\u00a0\u00a0\u00a0\u00a0\u00a0\u00a0\u00a0\u00a0\u00a0\u00a0\u00a0\u00a0\u00a0\u00a0\u00a0\u00a0\u00a0\u00a0\u00a0\u00a0\u00a0\u00a0\u00a0\u00a0\u00a0\u00a0<\/p>\n\n\n\n<p><\/p>\n","protected":false},"excerpt":{"rendered":"<p>Bei Verkauf oder Vermietung einer Immobilie gilt nach Gesetzesvorgabe die Energieausweispflicht (Energiebedarfs- oder Energieverbrauchsausweis). \u00a0Seit Mai 2021 steht hierf\u00fcr das Geb\u00e4udeenergiegesetz (GEG), zuvor galt die Energieeinsparverordnung (EnEV). Der Energieausweis muss dem Interessenten sp\u00e4testens bei der Erstbesichtigung vorgelegt werden.\u00a0 Eine Besichtigung ohne Vorlage eines Energieausweises ist gesetzlich nicht erlaubt. Die Daten des Energieausweises sind zwingend erforderlich<\/p><\/div>\n<div class=\"blog-btn\"><a href=\"https:\/\/nuding-immobilien.de\/?page_id=490\" class=\"home-blog-btn\">Weiterlesen<\/a><\/p>\n","protected":false},"author":1,"featured_media":0,"parent":0,"menu_order":0,"comment_status":"closed","ping_status":"closed","template":"","meta":{"footnotes":""},"_links":{"self":[{"href":"https:\/\/nuding-immobilien.de\/index.php?rest_route=\/wp\/v2\/pages\/490"}],"collection":[{"href":"https:\/\/nuding-immobilien.de\/index.php?rest_route=\/wp\/v2\/pages"}],"about":[{"href":"https:\/\/nuding-immobilien.de\/index.php?rest_route=\/wp\/v2\/types\/page"}],"author":[{"embeddable":true,"href":"https:\/\/nuding-immobilien.de\/index.php?rest_route=\/wp\/v2\/users\/1"}],"replies":[{"embeddable":true,"href":"https:\/\/nuding-immobilien.de\/index.php?rest_route=%2Fwp%2Fv2%2Fcomments&post=490"}],"version-history":[{"count":7,"href":"https:\/\/nuding-immobilien.de\/index.php?rest_route=\/wp\/v2\/pages\/490\/revisions"}],"predecessor-version":[{"id":804,"href":"https:\/\/nuding-immobilien.de\/index.php?rest_route=\/wp\/v2\/pages\/490\/revisions\/804"}],"wp:attachment":[{"href":"https:\/\/nuding-immobilien.de\/index.php?rest_route=%2Fwp%2Fv2%2Fmedia&parent=490"}],"curies":[{"name":"wp","href":"https:\/\/api.w.org\/{rel}","templated":true}]}}