{"id":57,"date":"2020-09-08T10:37:38","date_gmt":"2020-09-08T10:37:38","guid":{"rendered":"https:\/\/nuding-immobilien.de\/?page_id=57"},"modified":"2026-04-21T19:37:24","modified_gmt":"2026-04-21T17:37:24","slug":"immos","status":"publish","type":"page","link":"https:\/\/nuding-immobilien.de\/?page_id=57","title":{"rendered":"Objekte"},"content":{"rendered":"\n<div class=\"wp-block-media-text is-stacked-on-mobile\"><figure class=\"wp-block-media-text__media\"><img decoding=\"async\" loading=\"lazy\" width=\"1024\" height=\"768\" src=\"https:\/\/nuding-immobilien.de\/wp-content\/uploads\/2026\/03\/Ansicht-Osten-Eingang-1024x768.jpeg\" alt=\"\" class=\"wp-image-1486 size-full\" srcset=\"https:\/\/nuding-immobilien.de\/wp-content\/uploads\/2026\/03\/Ansicht-Osten-Eingang-1024x768.jpeg 1024w, https:\/\/nuding-immobilien.de\/wp-content\/uploads\/2026\/03\/Ansicht-Osten-Eingang-300x225.jpeg 300w, https:\/\/nuding-immobilien.de\/wp-content\/uploads\/2026\/03\/Ansicht-Osten-Eingang-768x576.jpeg 768w, https:\/\/nuding-immobilien.de\/wp-content\/uploads\/2026\/03\/Ansicht-Osten-Eingang-1536x1152.jpeg 1536w, https:\/\/nuding-immobilien.de\/wp-content\/uploads\/2026\/03\/Ansicht-Osten-Eingang.jpeg 2048w\" sizes=\"(max-width: 1024px) 100vw, 1024px\" \/><\/figure><div class=\"wp-block-media-text__content\">\n<p>Denkmalgesch\u00fctztes &#8220;B\u00fcrgermeisterhaus&#8221; mit gro\u00dfem Ausbaupotential in sehr sch\u00f6ner Lage in 71577 Gro\u00dferlach, OT Grab<\/p>\n\n\n\n<p>195.000,00 Euro<\/p>\n\n\n\n<p><a href=\"https:\/\/nuding-immobilien.de\/wp-content\/uploads\/2026\/04\/Expose-Nuding-Immobilien-Nr.159-04.2026.pdf\">Expose-Nuding-Immobilien-Nr.159<\/a><\/p>\n\n\n\n<p><\/p>\n<\/div><\/div>\n\n\n\n<p><\/p>\n\n\n\n<div class=\"wp-block-media-text is-stacked-on-mobile\"><figure class=\"wp-block-media-text__media\"><img decoding=\"async\" loading=\"lazy\" width=\"1024\" height=\"768\" src=\"https:\/\/nuding-immobilien.de\/wp-content\/uploads\/2025\/12\/Ansicht-Sueden-1024x768.jpeg\" alt=\"\" class=\"wp-image-1457 size-full\" srcset=\"https:\/\/nuding-immobilien.de\/wp-content\/uploads\/2025\/12\/Ansicht-Sueden-1024x768.jpeg 1024w, https:\/\/nuding-immobilien.de\/wp-content\/uploads\/2025\/12\/Ansicht-Sueden-300x225.jpeg 300w, https:\/\/nuding-immobilien.de\/wp-content\/uploads\/2025\/12\/Ansicht-Sueden-768x576.jpeg 768w, https:\/\/nuding-immobilien.de\/wp-content\/uploads\/2025\/12\/Ansicht-Sueden-1536x1152.jpeg 1536w, https:\/\/nuding-immobilien.de\/wp-content\/uploads\/2025\/12\/Ansicht-Sueden.jpeg 2048w\" sizes=\"(max-width: 1024px) 100vw, 1024px\" \/><\/figure><div class=\"wp-block-media-text__content\">\n<p>Sch\u00f6nes, gro\u00dfz\u00fcgiges EFH in sehr guter, ruhiger Lage in 73540 Heubach<\/p>\n\n\n\n<p>449.000,00 Euro<\/p>\n\n\n\n<p><a href=\"https:\/\/nuding-immobilien.de\/wp-content\/uploads\/2025\/12\/Expose-Nuding-Immobilien-Nr.158-12.2025.pdf\">Expose-Nuding-Immobilien-Nr.158<\/a><\/p>\n\n\n\n<p class=\"has-vivid-red-color has-text-color\">Verkauft<\/p>\n<\/div><\/div>\n\n\n\n<p><\/p>\n\n\n\n<div class=\"wp-block-media-text is-stacked-on-mobile\"><figure class=\"wp-block-media-text__media\"><img decoding=\"async\" loading=\"lazy\" width=\"1024\" height=\"768\" src=\"https:\/\/nuding-immobilien.de\/wp-content\/uploads\/2025\/11\/Ansicht-Sueden-1--1024x768.jpeg\" alt=\"\" class=\"wp-image-1432 size-full\" srcset=\"https:\/\/nuding-immobilien.de\/wp-content\/uploads\/2025\/11\/Ansicht-Sueden-1--1024x768.jpeg 1024w, https:\/\/nuding-immobilien.de\/wp-content\/uploads\/2025\/11\/Ansicht-Sueden-1--300x225.jpeg 300w, https:\/\/nuding-immobilien.de\/wp-content\/uploads\/2025\/11\/Ansicht-Sueden-1--768x576.jpeg 768w, https:\/\/nuding-immobilien.de\/wp-content\/uploads\/2025\/11\/Ansicht-Sueden-1--1536x1152.jpeg 1536w, https:\/\/nuding-immobilien.de\/wp-content\/uploads\/2025\/11\/Ansicht-Sueden-1-.jpeg 2048w\" sizes=\"(max-width: 1024px) 100vw, 1024px\" \/><\/figure><div class=\"wp-block-media-text__content\">\n<p>Sch\u00f6nes, repr\u00e4sentatives 2-FH in ruhiger, naturnaher Lage in 71554 Weissach<\/p>\n\n\n\n<p>649.000,00 Euro Verhandlungsbasis<\/p>\n\n\n\n<p><a href=\"https:\/\/nuding-immobilien.de\/wp-content\/uploads\/2025\/11\/Expose-Nuding-Immobilien-Nr.154-112025.pdf\">Expose-Nuding-Immobilien-Nr.154<\/a><\/p>\n\n\n\n<p class=\"has-vivid-red-color has-text-color\">Verkauft<\/p>\n<\/div><\/div>\n\n\n\n<p><\/p>\n\n\n\n<div class=\"wp-block-media-text is-stacked-on-mobile\"><figure class=\"wp-block-media-text__media\"><img decoding=\"async\" loading=\"lazy\" width=\"1024\" height=\"768\" src=\"https:\/\/nuding-immobilien.de\/wp-content\/uploads\/2025\/10\/IMG_3409-1024x768.jpeg\" alt=\"\" class=\"wp-image-1426 size-full\" srcset=\"https:\/\/nuding-immobilien.de\/wp-content\/uploads\/2025\/10\/IMG_3409-1024x768.jpeg 1024w, https:\/\/nuding-immobilien.de\/wp-content\/uploads\/2025\/10\/IMG_3409-300x225.jpeg 300w, https:\/\/nuding-immobilien.de\/wp-content\/uploads\/2025\/10\/IMG_3409-768x576.jpeg 768w, https:\/\/nuding-immobilien.de\/wp-content\/uploads\/2025\/10\/IMG_3409-1536x1152.jpeg 1536w, https:\/\/nuding-immobilien.de\/wp-content\/uploads\/2025\/10\/IMG_3409.jpeg 2048w\" sizes=\"(max-width: 1024px) 100vw, 1024px\" \/><\/figure><div class=\"wp-block-media-text__content\">\n<p>Sch\u00f6nes EFH mit ELW und gro\u00dfem Garten in ruhiger Lage in 73568 Durlangen<\/p>\n\n\n\n<p>349.000,00 Euro Verhandlungsbasis<\/p>\n\n\n\n<p><a href=\"https:\/\/nuding-immobilien.de\/wp-content\/uploads\/2026\/02\/Expose-Nuding-Immobilien-Nr.155-02.2026.pdf\">Expose-Nuding-Immobilien-Nr.155<\/a><\/p>\n\n\n\n<p class=\"has-vivid-red-color has-text-color\">Reserviert<\/p>\n<\/div><\/div>\n\n\n\n<p><\/p>\n\n\n\n<div class=\"wp-block-media-text is-stacked-on-mobile\"><figure class=\"wp-block-media-text__media\"><img decoding=\"async\" loading=\"lazy\" width=\"1024\" height=\"576\" src=\"https:\/\/nuding-immobilien.de\/wp-content\/uploads\/2026\/04\/Ansicht-Sued-West-1024x576.jpg\" alt=\"\" class=\"wp-image-1502 size-full\" srcset=\"https:\/\/nuding-immobilien.de\/wp-content\/uploads\/2026\/04\/Ansicht-Sued-West-1024x576.jpg 1024w, https:\/\/nuding-immobilien.de\/wp-content\/uploads\/2026\/04\/Ansicht-Sued-West-300x169.jpg 300w, https:\/\/nuding-immobilien.de\/wp-content\/uploads\/2026\/04\/Ansicht-Sued-West-768x432.jpg 768w, https:\/\/nuding-immobilien.de\/wp-content\/uploads\/2026\/04\/Ansicht-Sued-West-1536x864.jpg 1536w, https:\/\/nuding-immobilien.de\/wp-content\/uploads\/2026\/04\/Ansicht-Sued-West-2048x1152.jpg 2048w\" sizes=\"(max-width: 1024px) 100vw, 1024px\" \/><\/figure><div class=\"wp-block-media-text__content\">\n<p>Sehr sch\u00f6nes, sehr gepflegtes 2-FH in naturnaher Lage in 74417 Gschwend<\/p>\n\n\n\n<p>598.000,00 Euro Verhandlungsbasis<\/p>\n\n\n\n<p><a href=\"https:\/\/nuding-immobilien.de\/wp-content\/uploads\/2026\/04\/Expose-Nuding-Immobilien-Nr.160-04.2026.pdf\">Expose-Nuding-Immobilien-Nr.160<\/a><\/p>\n<\/div><\/div>\n\n\n\n<p><\/p>\n\n\n\n<div class=\"wp-block-media-text is-stacked-on-mobile\"><figure class=\"wp-block-media-text__media\"><img decoding=\"async\" loading=\"lazy\" width=\"1024\" height=\"768\" src=\"https:\/\/nuding-immobilien.de\/wp-content\/uploads\/2025\/08\/Ansicht-Eingang-1024x768.jpeg\" alt=\"\" class=\"wp-image-1372 size-full\" srcset=\"https:\/\/nuding-immobilien.de\/wp-content\/uploads\/2025\/08\/Ansicht-Eingang-1024x768.jpeg 1024w, https:\/\/nuding-immobilien.de\/wp-content\/uploads\/2025\/08\/Ansicht-Eingang-300x225.jpeg 300w, https:\/\/nuding-immobilien.de\/wp-content\/uploads\/2025\/08\/Ansicht-Eingang-768x576.jpeg 768w, https:\/\/nuding-immobilien.de\/wp-content\/uploads\/2025\/08\/Ansicht-Eingang-1536x1152.jpeg 1536w, https:\/\/nuding-immobilien.de\/wp-content\/uploads\/2025\/08\/Ansicht-Eingang.jpeg 2048w\" sizes=\"(max-width: 1024px) 100vw, 1024px\" \/><\/figure><div class=\"wp-block-media-text__content\">\n<p>Sch\u00f6nes EFH mit gro\u00dfem Garten in sehr guter, ruhiger Lage in 73565 Spraitbach<\/p>\n\n\n\n<p>329.000,00 Euro Verhandlungsbasis<\/p>\n\n\n\n<p><a href=\"https:\/\/nuding-immobilien.de\/wp-content\/uploads\/2025\/10\/Expose-Nuding-Immobilien-Nr.156-09.2025.pdf\">Expose-Nuding-Immobilien-Nr.156<\/a><\/p>\n\n\n\n<p class=\"has-vivid-red-color has-text-color\">Verkauft<\/p>\n<\/div><\/div>\n\n\n\n<p><\/p>\n\n\n\n<div class=\"wp-block-media-text is-stacked-on-mobile\"><figure class=\"wp-block-media-text__media\"><img decoding=\"async\" loading=\"lazy\" width=\"1024\" height=\"768\" src=\"https:\/\/nuding-immobilien.de\/wp-content\/uploads\/2025\/07\/Ansicht-Suedseite-1024x768.jpeg\" alt=\"\" class=\"wp-image-1330 size-full\" srcset=\"https:\/\/nuding-immobilien.de\/wp-content\/uploads\/2025\/07\/Ansicht-Suedseite-1024x768.jpeg 1024w, https:\/\/nuding-immobilien.de\/wp-content\/uploads\/2025\/07\/Ansicht-Suedseite-300x225.jpeg 300w, https:\/\/nuding-immobilien.de\/wp-content\/uploads\/2025\/07\/Ansicht-Suedseite-768x576.jpeg 768w, https:\/\/nuding-immobilien.de\/wp-content\/uploads\/2025\/07\/Ansicht-Suedseite-1536x1152.jpeg 1536w, https:\/\/nuding-immobilien.de\/wp-content\/uploads\/2025\/07\/Ansicht-Suedseite.jpeg 2048w\" sizes=\"(max-width: 1024px) 100vw, 1024px\" \/><\/figure><div class=\"wp-block-media-text__content\">\n<p>Mach was draus! Wohnhaus in sehr ruhiger, naturnaher Aussichtslage in                  73527 Schw\u00e4bisch Gm\u00fcnd<\/p>\n\n\n\n<p>329.000,00 Euro Verhandlungsbasis<\/p>\n\n\n\n<p><a href=\"https:\/\/nuding-immobilien.de\/wp-content\/uploads\/2025\/11\/Expose-Nuding-Immobilien-Nr.152-329-112025.pdf\">Expose-Nuding-Immobilien-Nr.152<\/a><\/p>\n\n\n\n<p class=\"has-vivid-red-color has-text-color\">Verkauft<\/p>\n<\/div><\/div>\n\n\n\n<p><\/p>\n\n\n\n<div class=\"wp-block-media-text is-stacked-on-mobile\"><figure class=\"wp-block-media-text__media\"><img decoding=\"async\" loading=\"lazy\" width=\"1024\" height=\"768\" src=\"https:\/\/nuding-immobilien.de\/wp-content\/uploads\/2025\/02\/Sueden-1024x768.jpg\" alt=\"\" class=\"wp-image-1281 size-full\" srcset=\"https:\/\/nuding-immobilien.de\/wp-content\/uploads\/2025\/02\/Sueden-1024x768.jpg 1024w, https:\/\/nuding-immobilien.de\/wp-content\/uploads\/2025\/02\/Sueden-300x225.jpg 300w, https:\/\/nuding-immobilien.de\/wp-content\/uploads\/2025\/02\/Sueden-768x576.jpg 768w, https:\/\/nuding-immobilien.de\/wp-content\/uploads\/2025\/02\/Sueden-1536x1152.jpg 1536w, https:\/\/nuding-immobilien.de\/wp-content\/uploads\/2025\/02\/Sueden.jpg 2048w\" sizes=\"(max-width: 1024px) 100vw, 1024px\" \/><\/figure><div class=\"wp-block-media-text__content\">\n<p>Traumhaus gesucht? Wundersch\u00f6nes EFH &#8220;Schwedenhaus&#8221; in sehr ruhiger, naturnaher Lage in 74417 Gschwend<\/p>\n\n\n\n<p>690.000,00 Euro Verhandlungsbasis<\/p>\n\n\n\n<p><a href=\"https:\/\/nuding-immobilien.de\/wp-content\/uploads\/2025\/08\/Expose-Nuding-Immobilien-Nr.149-690-092025.pdf\">Expose-Nuding-Immobilien-Nr.149<\/a><\/p>\n\n\n\n<p class=\"has-vivid-red-color has-text-color has-medium-font-size\">Verkauft<\/p>\n<\/div><\/div>\n\n\n\n<p><\/p>\n\n\n\n<div class=\"wp-block-media-text is-stacked-on-mobile\"><figure class=\"wp-block-media-text__media\"><img decoding=\"async\" loading=\"lazy\" width=\"1024\" height=\"768\" src=\"https:\/\/nuding-immobilien.de\/wp-content\/uploads\/2024\/11\/Obj.-147-A-Suedseite-1-1024x768.jpeg\" alt=\"\" class=\"wp-image-1254 size-full\" srcset=\"https:\/\/nuding-immobilien.de\/wp-content\/uploads\/2024\/11\/Obj.-147-A-Suedseite-1-1024x768.jpeg 1024w, https:\/\/nuding-immobilien.de\/wp-content\/uploads\/2024\/11\/Obj.-147-A-Suedseite-1-300x225.jpeg 300w, https:\/\/nuding-immobilien.de\/wp-content\/uploads\/2024\/11\/Obj.-147-A-Suedseite-1-768x576.jpeg 768w, https:\/\/nuding-immobilien.de\/wp-content\/uploads\/2024\/11\/Obj.-147-A-Suedseite-1-1536x1152.jpeg 1536w, https:\/\/nuding-immobilien.de\/wp-content\/uploads\/2024\/11\/Obj.-147-A-Suedseite-1.jpeg 2048w\" sizes=\"(max-width: 1024px) 100vw, 1024px\" \/><\/figure><div class=\"wp-block-media-text__content\">\n<p>Mehrfamilienhaus mit 18 Wohneinheiten in 73565 Spraitbach<\/p>\n\n\n\n<p>1.200.000,00 Euro Verhandlungsbasis<\/p>\n\n\n\n<p><a href=\"https:\/\/nuding-immobilien.de\/wp-content\/uploads\/2024\/11\/Expose-Nuding-Immobilien-Nr.146-11.2024.pdf\" data-type=\"link\" data-id=\"https:\/\/nuding-immobilien.de\/wp-content\/uploads\/2024\/11\/Expose-Nuding-Immobilien-Nr.146-11.2024.pdf\">Expose-Nuding-Immobilien-Nr.146<\/a><\/p>\n<\/div><\/div>\n\n\n\n<p><\/p>\n\n\n\n<div class=\"wp-block-media-text is-stacked-on-mobile\"><figure class=\"wp-block-media-text__media\"><img decoding=\"async\" loading=\"lazy\" width=\"1024\" height=\"768\" src=\"https:\/\/nuding-immobilien.de\/wp-content\/uploads\/2024\/11\/Obj.-147-B-Sued-West-1-1024x768.jpeg\" alt=\"\" class=\"wp-image-1256 size-full\" srcset=\"https:\/\/nuding-immobilien.de\/wp-content\/uploads\/2024\/11\/Obj.-147-B-Sued-West-1-1024x768.jpeg 1024w, https:\/\/nuding-immobilien.de\/wp-content\/uploads\/2024\/11\/Obj.-147-B-Sued-West-1-300x225.jpeg 300w, https:\/\/nuding-immobilien.de\/wp-content\/uploads\/2024\/11\/Obj.-147-B-Sued-West-1-768x576.jpeg 768w, https:\/\/nuding-immobilien.de\/wp-content\/uploads\/2024\/11\/Obj.-147-B-Sued-West-1-1536x1152.jpeg 1536w, https:\/\/nuding-immobilien.de\/wp-content\/uploads\/2024\/11\/Obj.-147-B-Sued-West-1.jpeg 2048w\" sizes=\"(max-width: 1024px) 100vw, 1024px\" \/><\/figure><div class=\"wp-block-media-text__content\">\n<p>Mehrfamilienhaus mit 12 Wohneinheiten in 73565 Spraitbach<\/p>\n\n\n\n<p>800.000,00 Euro Verhandlungsbasis<\/p>\n\n\n\n<p><a href=\"https:\/\/nuding-immobilien.de\/wp-content\/uploads\/2024\/11\/Expose-Nuding-Immobilien-Nr.147-112024.pdf\" data-type=\"link\" data-id=\"https:\/\/nuding-immobilien.de\/wp-content\/uploads\/2024\/11\/Expose-Nuding-Immobilien-Nr.147-112024.pdf\">Expose-Nuding-Immobilien-Nr.147<\/a><\/p>\n<\/div><\/div>\n\n\n\n<p><\/p>\n\n\n\n<p><\/p>\n\n\n\n<p><\/p>\n\n\n\n<p><\/p>\n\n\n\n<p><\/p>\n","protected":false},"excerpt":{"rendered":"<p>Denkmalgesch\u00fctztes &#8220;B\u00fcrgermeisterhaus&#8221; mit gro\u00dfem Ausbaupotential in sehr sch\u00f6ner Lage in 71577 Gro\u00dferlach, OT Grab 195.000,00 Euro Expose-Nuding-Immobilien-Nr.159 Sch\u00f6nes, gro\u00dfz\u00fcgiges EFH in sehr guter, ruhiger Lage in 73540 Heubach 449.000,00 Euro Expose-Nuding-Immobilien-Nr.158 Verkauft Sch\u00f6nes, repr\u00e4sentatives 2-FH in ruhiger, naturnaher Lage in 71554 Weissach 649.000,00 Euro Verhandlungsbasis Expose-Nuding-Immobilien-Nr.154 Verkauft Sch\u00f6nes EFH mit ELW und gro\u00dfem Garten in<\/p><\/div>\n<div class=\"blog-btn\"><a href=\"https:\/\/nuding-immobilien.de\/?page_id=57\" class=\"home-blog-btn\">Weiterlesen<\/a><\/p>\n","protected":false},"author":1,"featured_media":0,"parent":0,"menu_order":0,"comment_status":"closed","ping_status":"closed","template":"","meta":{"footnotes":""},"_links":{"self":[{"href":"https:\/\/nuding-immobilien.de\/index.php?rest_route=\/wp\/v2\/pages\/57"}],"collection":[{"href":"https:\/\/nuding-immobilien.de\/index.php?rest_route=\/wp\/v2\/pages"}],"about":[{"href":"https:\/\/nuding-immobilien.de\/index.php?rest_route=\/wp\/v2\/types\/page"}],"author":[{"embeddable":true,"href":"https:\/\/nuding-immobilien.de\/index.php?rest_route=\/wp\/v2\/users\/1"}],"replies":[{"embeddable":true,"href":"https:\/\/nuding-immobilien.de\/index.php?rest_route=%2Fwp%2Fv2%2Fcomments&post=57"}],"version-history":[{"count":328,"href":"https:\/\/nuding-immobilien.de\/index.php?rest_route=\/wp\/v2\/pages\/57\/revisions"}],"predecessor-version":[{"id":1509,"href":"https:\/\/nuding-immobilien.de\/index.php?rest_route=\/wp\/v2\/pages\/57\/revisions\/1509"}],"wp:attachment":[{"href":"https:\/\/nuding-immobilien.de\/index.php?rest_route=%2Fwp%2Fv2%2Fmedia&parent=57"}],"curies":[{"name":"wp","href":"https:\/\/api.w.org\/{rel}","templated":true}]}}