{"id":572,"date":"2021-08-02T14:31:41","date_gmt":"2021-08-02T12:31:41","guid":{"rendered":"https:\/\/nuding-immobilien.de\/?page_id=572"},"modified":"2022-11-04T13:14:23","modified_gmt":"2022-11-04T12:14:23","slug":"ueber-uns-2","status":"publish","type":"page","link":"https:\/\/nuding-immobilien.de\/?page_id=572","title":{"rendered":"\u00dcber uns"},"content":{"rendered":"\n<p><strong>Die Nuding Immobilienvermittlung zeichnet sich als verl\u00e4sslicher Partner rund um den Verkauf Ihrer Immobilie aus. Dabei legen wir gro\u00dfen Wert auf eine kompetente und zuverl\u00e4ssige Arbeitsweise, die f\u00fcr unsere Partner \u2013 Verk\u00e4ufer und K\u00e4ufer &#8211; in allen Bereichen nachvollziehbar ist. &nbsp;Unsere Kunden best\u00e4tigen uns auch bei schwierigen Immobilien Fachkenntnis, Fairness und Ausdauer beim Verkauf.<\/strong><\/p>\n\n\n\n<p class=\"has-vivid-cyan-blue-color has-text-color\"><strong>Wir legen zudem gro\u00dfen Wert auf eine vertrauensvolle und ehrliche Zusammenarbeit, gegenseitigem Respekt und Wertsch\u00e4tzung dem N\u00e4chsten gegen\u00fcber.&nbsp; Wir sehen uns als bindendes Glied zwischen Verk\u00e4ufer und K\u00e4ufer und legen \u00e4u\u00dfersten Wert darauf, f\u00fcr beide Parteien zur vollsten Zufriedenheit zu arbeiten. &nbsp;Ein H\u00f6chstma\u00df an Dienstleistung und Service ist f\u00fcr uns selbstverst\u00e4ndlich.<\/strong><\/p>\n\n\n\n<p><strong><strong>Um f\u00fcr die immer wieder neuen Gesetze und Ver\u00e4nderungen im Immobilienbereich auf dem aktuellsten Stand zu bleiben, nehmen wir regelm\u00e4\u00dfig an Fort- und Weiterbildungen teil und erf\u00fcllen die Fortbildungspflicht nach \u00a7 34c, Abs. 2a der GewO.<\/strong><\/strong><\/p>\n\n\n\n<p><strong>Seit 2014 sind wir in den Kreisen Ostalb, Rems-Murr, Schw\u00e4bisch Hall und Hohenlohe t\u00e4tig.&nbsp; Verkauft werden durch uns Wohngeb\u00e4ude jeder Art, Wohnungen, Geh\u00f6fte, Baupl\u00e4tze sowie Gewerbeimmobilien. &nbsp;Bei Anfrage und entsprechenden Objekten blicken wir gerne \u201e\u00fcber den Tellerrand\u201c und nehmen auch Immobilien aus weiteren Landkreisen oder Bundesl\u00e4ndern auf.<\/strong><\/p>\n\n\n\n<p><strong>Durch eine seit Jahren bestehende Zusammenarbeit mit Bauunternehmen und unabh\u00e4ngigen Finanzdienstleistern k\u00f6nnen wir unseren Kunden auch in diesen Bereichen einen weiteren Service bieten.<\/strong><\/p>\n\n\n\n<p class=\"has-vivid-cyan-blue-color has-text-color has-medium-font-size\"><strong>Damit Sie Ihrem Immobilienverkauf ganz entspannt entgegensehen k\u00f6nnen:&nbsp; Wir sind f\u00fcr Sie da und setzen uns aufs Beste f\u00fcr Ihren Immobilienverkauf ein.<\/strong><\/p>\n\n\n\n<ul><li><strong>In einem ersten Gespr\u00e4ch lernen wir uns kennen und nehmen alle Details zu Ihrer Immobilie auf.<\/strong><\/li><li><strong>Wir erstellen eine f\u00fcr Sie kostenfreie und professionelle Marktwertermittlung Ihrer Immobilie.<\/strong><\/li><li><strong>Wir beantragen den f\u00fcr den Verkauf ben\u00f6tigten Energieausweis, sofern dieser noch nicht vorliegt bzw. von Ihnen angefordert wird.<\/strong><\/li><li><strong>Wir erstellen ein aussagekr\u00e4ftiges, detailliertes Expos\u00e9.<\/strong><\/li><li><strong>Wir beantragen alle n\u00f6tigen Unterlagen bei den \u00c4mtern und Beh\u00f6rden.<\/strong><\/li><li><strong>Wir beginnen mit der K\u00e4ufersuche in den uns bereits vorliegenden Suchanfragen sowie \u00fcber Internetportale und Printmedien.<\/strong><\/li><li><strong>Wir vereinbaren die ersten Besichtigungstermine, immer in Absprache mit dem Verk\u00e4ufer\/Eigent\u00fcmer. Keine Massenbesichtigungen, so dass f\u00fcr einen Interessenten gen\u00fcgend Zeit vorhanden ist, um eine Besichtigung und ein detailliertes Gespr\u00e4ch zu f\u00fchren.<\/strong><\/li><li><strong>Wir informieren den Verk\u00e4ufer\/Eigent\u00fcmer dar\u00fcber, wie die Besichtigung gelaufen ist und teilen ihm mit, ob weiteres Interesse des Interessenten besteht. &nbsp;<\/strong><\/li><li><strong>Wir setzen uns mit dem Notariat in Verbindung, leiten die entsprechenden Unterlagen weiter und beantragen einen Kaufvertragsentwurf und eine Terminvereinbarung zur notariellen Beurkundung des Verkaufs.<\/strong><\/li><li><strong>Wir begleiten Verk\u00e4ufer und K\u00e4ufer zum Notar.<\/strong><\/li><li><strong>Nach Kaufpreiszahlung sind wir \u2013 wenn von Verk\u00e4ufer und K\u00e4ufer gew\u00fcnscht \u2013 bei der Schl\u00fcssel\u00fcbergabe dabei. &nbsp;&nbsp;<\/strong>&nbsp;&nbsp;&nbsp;<\/li><\/ul>\n\n\n\n<p class=\"has-vivid-cyan-blue-color has-text-color has-medium-font-size\"><strong>So machen wir Schritt f\u00fcr Schritt unsere Arbeit und kommen mit Kompetenz, Zuverl\u00e4ssigkeit, Ehrlichkeit, Kopf und Herz zu den besten Ergebnissen!&nbsp; Das wird uns auch von unseren Kunden jederzeit best\u00e4tigt.&nbsp;&nbsp;<\/strong><\/p>\n\n\n\n<p class=\"has-vivid-cyan-blue-color has-text-color has-medium-font-size\"><strong>Wir setzen uns absolut f\u00fcr Sie ein! Darauf k\u00f6nnen Sie sich verlassen!<\/strong><\/p>\n","protected":false},"excerpt":{"rendered":"<p>Die Nuding Immobilienvermittlung zeichnet sich als verl\u00e4sslicher Partner rund um den Verkauf Ihrer Immobilie aus. Dabei legen wir gro\u00dfen Wert auf eine kompetente und zuverl\u00e4ssige Arbeitsweise, die f\u00fcr unsere Partner \u2013 Verk\u00e4ufer und K\u00e4ufer &#8211; in allen Bereichen nachvollziehbar ist. &nbsp;Unsere Kunden best\u00e4tigen uns auch bei schwierigen Immobilien Fachkenntnis, Fairness und Ausdauer beim Verkauf. Wir<\/p><\/div>\n<div class=\"blog-btn\"><a href=\"https:\/\/nuding-immobilien.de\/?page_id=572\" class=\"home-blog-btn\">Weiterlesen<\/a><\/p>\n","protected":false},"author":1,"featured_media":0,"parent":0,"menu_order":0,"comment_status":"closed","ping_status":"closed","template":"","meta":{"footnotes":""},"_links":{"self":[{"href":"https:\/\/nuding-immobilien.de\/index.php?rest_route=\/wp\/v2\/pages\/572"}],"collection":[{"href":"https:\/\/nuding-immobilien.de\/index.php?rest_route=\/wp\/v2\/pages"}],"about":[{"href":"https:\/\/nuding-immobilien.de\/index.php?rest_route=\/wp\/v2\/types\/page"}],"author":[{"embeddable":true,"href":"https:\/\/nuding-immobilien.de\/index.php?rest_route=\/wp\/v2\/users\/1"}],"replies":[{"embeddable":true,"href":"https:\/\/nuding-immobilien.de\/index.php?rest_route=%2Fwp%2Fv2%2Fcomments&post=572"}],"version-history":[{"count":6,"href":"https:\/\/nuding-immobilien.de\/index.php?rest_route=\/wp\/v2\/pages\/572\/revisions"}],"predecessor-version":[{"id":809,"href":"https:\/\/nuding-immobilien.de\/index.php?rest_route=\/wp\/v2\/pages\/572\/revisions\/809"}],"wp:attachment":[{"href":"https:\/\/nuding-immobilien.de\/index.php?rest_route=%2Fwp%2Fv2%2Fmedia&parent=572"}],"curies":[{"name":"wp","href":"https:\/\/api.w.org\/{rel}","templated":true}]}}