{"id":578,"date":"2021-08-02T14:39:30","date_gmt":"2021-08-02T12:39:30","guid":{"rendered":"https:\/\/nuding-immobilien.de\/?page_id=578"},"modified":"2021-08-02T14:50:13","modified_gmt":"2021-08-02T12:50:13","slug":"informationen","status":"publish","type":"page","link":"https:\/\/nuding-immobilien.de\/?page_id=578","title":{"rendered":"Informationen"},"content":{"rendered":"\n<p class=\"has-medium-font-size\"><strong>Wichtige Informationen \u00fcber uns finden Sie in den jeweiligen Rubriken<\/strong><\/p>\n\n\n\n<ul><li>\u00dcber uns<\/li><li>Maklerprovision<\/li><li>Marktwertermittlung<\/li><li>Expos\u00e9<\/li><li>Energieausweis<\/li><li>Werden Sie Tippgeber<\/li><\/ul>\n","protected":false},"excerpt":{"rendered":"<p>Wichtige Informationen \u00fcber uns finden Sie in den jeweiligen Rubriken \u00dcber uns Maklerprovision Marktwertermittlung Expos\u00e9 Energieausweis Werden Sie Tippgeber<\/p>\n","protected":false},"author":1,"featured_media":0,"parent":0,"menu_order":0,"comment_status":"closed","ping_status":"closed","template":"","meta":{"footnotes":""},"_links":{"self":[{"href":"https:\/\/nuding-immobilien.de\/index.php?rest_route=\/wp\/v2\/pages\/578"}],"collection":[{"href":"https:\/\/nuding-immobilien.de\/index.php?rest_route=\/wp\/v2\/pages"}],"about":[{"href":"https:\/\/nuding-immobilien.de\/index.php?rest_route=\/wp\/v2\/types\/page"}],"author":[{"embeddable":true,"href":"https:\/\/nuding-immobilien.de\/index.php?rest_route=\/wp\/v2\/users\/1"}],"replies":[{"embeddable":true,"href":"https:\/\/nuding-immobilien.de\/index.php?rest_route=%2Fwp%2Fv2%2Fcomments&post=578"}],"version-history":[{"count":3,"href":"https:\/\/nuding-immobilien.de\/index.php?rest_route=\/wp\/v2\/pages\/578\/revisions"}],"predecessor-version":[{"id":586,"href":"https:\/\/nuding-immobilien.de\/index.php?rest_route=\/wp\/v2\/pages\/578\/revisions\/586"}],"wp:attachment":[{"href":"https:\/\/nuding-immobilien.de\/index.php?rest_route=%2Fwp%2Fv2%2Fmedia&parent=578"}],"curies":[{"name":"wp","href":"https:\/\/api.w.org\/{rel}","templated":true}]}}