{"id":77,"date":"2020-09-08T11:14:59","date_gmt":"2020-09-08T09:14:59","guid":{"rendered":"https:\/\/nuding-immobilien.de\/?page_id=77"},"modified":"2026-03-06T09:56:14","modified_gmt":"2026-03-06T08:56:14","slug":"start","status":"publish","type":"page","link":"https:\/\/nuding-immobilien.de\/","title":{"rendered":"Home"},"content":{"rendered":"\n<p class=\"has-vivid-cyan-blue-color has-text-color has-medium-font-size\"><strong><strong>Als Immobilienmakler sind wir in den Kreisen Ostalb, Rems-Murr, Schw\u00e4bisch Hall und Hohenlohe t\u00e4tig<\/strong><\/strong><\/p>\n\n\n\n<p><strong>Wir sind Ihr kompetenter Immobilienmakler in den Kreisen Ostalb, Rems-Murr, Schw\u00e4bisch Hall und Hohenlohe.<\/strong><\/p>\n\n\n\n<p><strong>Ein Merkmal unserer Arbeit ist absolute Zuverl\u00e4ssigkeit und eine detaillierte, korrekte Arbeitsweise. Dabei legen wir Wert darauf, mit unseren Auftraggebern als Team zu arbeiten. Eine st\u00e4ndige Information \u00fcber den Stand der Dinge sowie nach Besichtigungen geh\u00f6rt f\u00fcr uns zur Selbstverst\u00e4ndlichkeit. Und auch wenn es mal schwierig wird beweisen wir Ausdauer und Fairness, denn es gibt f\u00fcr alles eine L\u00f6sung. Dabei bleiben wir stets authentisch und erledigen unsere Aufgaben mit Fachwissen und Zuverl\u00e4ssigkeit.<\/strong><\/p>\n\n\n\n<p class=\"has-vivid-cyan-blue-color has-text-color has-medium-font-size\"><strong>Vertrauen kann man weder kaufen noch verkaufen, Vertrauen muss man sich erarbeiten. Genau das machen wir mit Kompetenz, K\u00f6nnen, Ehrlichkeit, Kopf und Herz.<\/strong><\/p>\n\n\n\n<p><strong>Wir k\u00fcmmern uns um alles, um Ihre Immobilie optimal und zu Ihrer vollsten Zufriedenheit zu verkaufen. Vielen Dank, dass Sie uns Ihr Vertrauen schenken!<\/strong><\/p>\n\n\n\n<p class=\"has-white-color has-text-color\">dfsyd<\/p>\n\n\n\n<p class=\"has-medium-font-size\"><strong><span class=\"has-inline-color has-vivid-cyan-blue-color\">Unsere Leistungen f\u00fcr Verk\u00e4ufer<\/span><\/strong><\/p>\n\n\n\n<p class=\"has-medium-font-size\"><strong>Vorbereitung<\/strong><\/p>\n\n\n\n<figure class=\"wp-block-table is-style-stripes\"><table><tbody><tr><td><strong>&#8211; Erstes Kennenlernen und eingehende Beratung<br>&#8211; Bestandsaufnahme der Immobilie<br>&#8211; \u00dcberpr\u00fcfung der vorhandenen Dokumente<br>&#8211; Anforderung weiterer Unterlagen\/Dokumente bei Beh\u00f6rden etc.<\/strong><\/td><\/tr><\/tbody><\/table><\/figure>\n\n\n\n<p class=\"has-medium-font-size\"><strong>Recherche und Analyse <\/strong><\/p>\n\n\n\n<figure class=\"wp-block-table is-style-stripes\"><table><tbody><tr><td><strong>&#8211; Professionelle, ausf\u00fchrliche Marktwertermittlung<br>&#8211; Objektbeschreibung \/ Verkaufsprognose<br>&#8211; Analyse der Zielgruppe<br>&#8211; Kontaktaufnahme zu vorgemerkten Kunden<\/strong><\/td><\/tr><\/tbody><\/table><\/figure>\n\n\n\n<p class=\"has-medium-font-size\"><strong>Marketing<\/strong><\/p>\n\n\n\n<figure class=\"wp-block-table is-style-stripes\"><table><tbody><tr><td><strong>&#8211; Erstellen eines aussagekr\u00e4ftigen Expos\u00e9s<br>&#8211; Online-Marketing<br>&#8211; Printwerbung<\/strong><\/td><\/tr><\/tbody><\/table><\/figure>\n\n\n\n<p class=\"has-medium-font-size\"><strong>Durchf\u00fchrung<\/strong><\/p>\n\n\n\n<figure class=\"wp-block-table is-style-stripes\"><table><tbody><tr><td><strong>&#8211; Bearbeitung aller Anfragen<br>&#8211; Vorauswahl von geeigneten Interessenten<br>&#8211; Besichtigungen mit Einzelinteressenten, keine Massenbesichtigungen<br>&#8211; Erstgespr\u00e4ch mit Verk\u00e4ufer und angehendem K\u00e4ufer<br>&#8211; Auswahl des K\u00e4ufers nach Finanzierungsvorlage<\/strong><\/td><\/tr><\/tbody><\/table><\/figure>\n\n\n\n<p class=\"has-medium-font-size\"><strong>Abschluss<\/strong><\/p>\n\n\n\n<figure class=\"wp-block-table is-style-stripes\"><table><tbody><tr><td><strong>&#8211; Detaillierte Kaufvertragsvorbereitung und Kaufvertragsvorbesprechung<br>&#8211; Abstimmung mit dem Notariat, Pr\u00fcfung des Kaufvertragsentwurfs<br>&#8211; Begleitung zur notariellen Beurkundung<br>&#8211; Nach Kaufpreiszahlung Schl\u00fcssel\u00fcbergabe an K\u00e4ufer<\/strong><\/td><\/tr><\/tbody><\/table><\/figure>\n\n\n\n<p><\/p>\n\n\n\n<p class=\"has-vivid-cyan-blue-color has-text-color\" style=\"font-size:18px\"><strong>Im Leben gibt es Dinge, die wir nicht immer im Griff haben. Auch die Zwangsversteigerung einer Immobilie kann dazu geh\u00f6ren. Bevor es soweit kommt, stehen wir Ihnen mit Rat und Tat zur Seite. Absolute Diskretion ist selbstverst\u00e4ndlich.<\/strong><\/p>\n\n\n\n<p class=\"has-white-color has-text-color\">dsfsdfvdsfv<\/p>\n\n\n\n<p><\/p>\n\n\n\n<p class=\"has-vivid-cyan-blue-color has-text-color has-medium-font-size\"><strong>Unsere Leistungen f\u00fcr K\u00e4ufer<\/strong><\/p>\n\n\n\n<p class=\"has-medium-font-size\"><strong>Sehr gute informative Besichtigung, kein Schnelldurchlauf<\/strong><\/p>\n\n\n\n<figure class=\"wp-block-table is-style-stripes\"><table><tbody><tr><td><strong>&#8211; Pers\u00f6nliche Beratung zu allen Fragen rund um das Objekt<br>&#8211; Keine Massenbesichtigung<br>&#8211; Wir nehmen uns gen\u00fcgend Zeit f\u00fcr Sie, mehrfache Besichtigungen sind selbstverst\u00e4ndlich<\/strong><\/td><\/tr><\/tbody><\/table><\/figure>\n\n\n\n<p class=\"has-medium-font-size\"><strong>Stimmiges, detailliertes Expos\u00e9<\/strong><\/p>\n\n\n\n<figure class=\"wp-block-table is-style-stripes\"><table><tbody><tr><td><strong>&#8211; Expos\u00e9 enth\u00e4lt alle wichtigen Informationen zum Objekt<br>&#8211; Expos\u00e9-Mappe enth\u00e4lt alle wichtigen Unterlagen, die eine Bank bei Finanzierungsanfragen ben\u00f6tigt <\/strong><\/td><\/tr><\/tbody><\/table><\/figure>\n\n\n\n<p class=\"has-medium-font-size\"><strong>Begleitung von der Erstbesichtigung bis zum Notar und bis zur Schl\u00fcssel\u00fcbergabe <\/strong><\/p>\n\n\n\n<p><\/p>\n\n\n\n\n\n\n\n<div class=\"wp-block-columns is-layout-flex wp-container-6 wp-block-columns-is-layout-flex\">\n<div class=\"wp-block-column is-layout-flow wp-block-column-is-layout-flow\">\n<div class=\"wp-block-columns is-layout-flex wp-container-4 wp-block-columns-is-layout-flex\">\n<div class=\"wp-block-column is-layout-flow wp-block-column-is-layout-flow\">\n<figure class=\"wp-block-image size-large is-resized\"><img decoding=\"async\" loading=\"lazy\" width=\"1024\" height=\"1024\" src=\"https:\/\/nuding-immobilien.de\/wp-content\/uploads\/2026\/03\/Emblem-2024-PMA\u00ae-Fachtraining-fuer-Immobilienmakler-gross-1024x1024.jpg\" alt=\"\" class=\"wp-image-1496\" style=\"aspect-ratio:1;width:162px;height:auto\" srcset=\"https:\/\/nuding-immobilien.de\/wp-content\/uploads\/2026\/03\/Emblem-2024-PMA\u00ae-Fachtraining-fuer-Immobilienmakler-gross-1024x1024.jpg 1024w, https:\/\/nuding-immobilien.de\/wp-content\/uploads\/2026\/03\/Emblem-2024-PMA\u00ae-Fachtraining-fuer-Immobilienmakler-gross-300x300.jpg 300w, https:\/\/nuding-immobilien.de\/wp-content\/uploads\/2026\/03\/Emblem-2024-PMA\u00ae-Fachtraining-fuer-Immobilienmakler-gross-150x150.jpg 150w, https:\/\/nuding-immobilien.de\/wp-content\/uploads\/2026\/03\/Emblem-2024-PMA\u00ae-Fachtraining-fuer-Immobilienmakler-gross-768x768.jpg 768w, https:\/\/nuding-immobilien.de\/wp-content\/uploads\/2026\/03\/Emblem-2024-PMA\u00ae-Fachtraining-fuer-Immobilienmakler-gross-1536x1536.jpg 1536w, https:\/\/nuding-immobilien.de\/wp-content\/uploads\/2026\/03\/Emblem-2024-PMA\u00ae-Fachtraining-fuer-Immobilienmakler-gross.jpg 1654w\" sizes=\"(max-width: 1024px) 100vw, 1024px\" \/><\/figure>\n<\/div>\n\n\n\n<div class=\"wp-block-column is-layout-flow wp-block-column-is-layout-flow\">\n<figure class=\"wp-block-image size-large is-resized\"><img decoding=\"async\" loading=\"lazy\" width=\"1024\" height=\"1024\" src=\"https:\/\/nuding-immobilien.de\/wp-content\/uploads\/2026\/03\/Emblem-2025-PMA\u00ae-Fachtraining-fuer-Immobilienmakler-gross-1024x1024.jpg\" alt=\"\" class=\"wp-image-1497\" style=\"aspect-ratio:1;width:149px;height:auto\" srcset=\"https:\/\/nuding-immobilien.de\/wp-content\/uploads\/2026\/03\/Emblem-2025-PMA\u00ae-Fachtraining-fuer-Immobilienmakler-gross-1024x1024.jpg 1024w, https:\/\/nuding-immobilien.de\/wp-content\/uploads\/2026\/03\/Emblem-2025-PMA\u00ae-Fachtraining-fuer-Immobilienmakler-gross-300x300.jpg 300w, https:\/\/nuding-immobilien.de\/wp-content\/uploads\/2026\/03\/Emblem-2025-PMA\u00ae-Fachtraining-fuer-Immobilienmakler-gross-150x150.jpg 150w, https:\/\/nuding-immobilien.de\/wp-content\/uploads\/2026\/03\/Emblem-2025-PMA\u00ae-Fachtraining-fuer-Immobilienmakler-gross-768x768.jpg 768w, https:\/\/nuding-immobilien.de\/wp-content\/uploads\/2026\/03\/Emblem-2025-PMA\u00ae-Fachtraining-fuer-Immobilienmakler-gross-1536x1536.jpg 1536w, https:\/\/nuding-immobilien.de\/wp-content\/uploads\/2026\/03\/Emblem-2025-PMA\u00ae-Fachtraining-fuer-Immobilienmakler-gross.jpg 1654w\" sizes=\"(max-width: 1024px) 100vw, 1024px\" \/><\/figure>\n<\/div>\n\n\n\n<div class=\"wp-block-column is-layout-flow wp-block-column-is-layout-flow\">\n<figure class=\"wp-block-image size-large is-resized\"><img decoding=\"async\" loading=\"lazy\" width=\"1024\" height=\"1024\" src=\"https:\/\/nuding-immobilien.de\/wp-content\/uploads\/2026\/03\/Emblem-2026-PMA\u00ae-Fachtraining-fuer-Immobilienmakler-gross-4-1024x1024.jpg\" alt=\"\" class=\"wp-image-1498\" style=\"aspect-ratio:1;width:153px;height:auto\" srcset=\"https:\/\/nuding-immobilien.de\/wp-content\/uploads\/2026\/03\/Emblem-2026-PMA\u00ae-Fachtraining-fuer-Immobilienmakler-gross-4-1024x1024.jpg 1024w, https:\/\/nuding-immobilien.de\/wp-content\/uploads\/2026\/03\/Emblem-2026-PMA\u00ae-Fachtraining-fuer-Immobilienmakler-gross-4-300x300.jpg 300w, https:\/\/nuding-immobilien.de\/wp-content\/uploads\/2026\/03\/Emblem-2026-PMA\u00ae-Fachtraining-fuer-Immobilienmakler-gross-4-150x150.jpg 150w, https:\/\/nuding-immobilien.de\/wp-content\/uploads\/2026\/03\/Emblem-2026-PMA\u00ae-Fachtraining-fuer-Immobilienmakler-gross-4-768x768.jpg 768w, https:\/\/nuding-immobilien.de\/wp-content\/uploads\/2026\/03\/Emblem-2026-PMA\u00ae-Fachtraining-fuer-Immobilienmakler-gross-4-1536x1536.jpg 1536w, https:\/\/nuding-immobilien.de\/wp-content\/uploads\/2026\/03\/Emblem-2026-PMA\u00ae-Fachtraining-fuer-Immobilienmakler-gross-4.jpg 1654w\" sizes=\"(max-width: 1024px) 100vw, 1024px\" \/><\/figure>\n<\/div>\n<\/div>\n<\/div>\n<\/div>\n\n\n\n<div class=\"wp-block-columns is-layout-flex wp-container-8 wp-block-columns-is-layout-flex\">\n<div class=\"wp-block-column is-layout-flow wp-block-column-is-layout-flow\" style=\"flex-basis:100%\">\n<figure class=\"wp-block-table\"><table><tbody><tr><td><img decoding=\"async\" loading=\"lazy\" width=\"1654\" height=\"1654\" class=\"wp-image-859\" style=\"width: 150px;\" src=\"https:\/\/nuding-immobilien.de\/wp-content\/uploads\/2023\/03\/Emblem-2023-PMA\u00ae-Fachtraining-fu\u0308r-Immobilienmakler-gross.jpg\" alt=\"\" srcset=\"https:\/\/nuding-immobilien.de\/wp-content\/uploads\/2023\/03\/Emblem-2023-PMA\u00ae-Fachtraining-fu\u0308r-Immobilienmakler-gross.jpg 1654w, https:\/\/nuding-immobilien.de\/wp-content\/uploads\/2023\/03\/Emblem-2023-PMA\u00ae-Fachtraining-fu\u0308r-Immobilienmakler-gross-300x300.jpg 300w, https:\/\/nuding-immobilien.de\/wp-content\/uploads\/2023\/03\/Emblem-2023-PMA\u00ae-Fachtraining-fu\u0308r-Immobilienmakler-gross-1024x1024.jpg 1024w, https:\/\/nuding-immobilien.de\/wp-content\/uploads\/2023\/03\/Emblem-2023-PMA\u00ae-Fachtraining-fu\u0308r-Immobilienmakler-gross-150x150.jpg 150w, https:\/\/nuding-immobilien.de\/wp-content\/uploads\/2023\/03\/Emblem-2023-PMA\u00ae-Fachtraining-fu\u0308r-Immobilienmakler-gross-768x768.jpg 768w, https:\/\/nuding-immobilien.de\/wp-content\/uploads\/2023\/03\/Emblem-2023-PMA\u00ae-Fachtraining-fu\u0308r-Immobilienmakler-gross-1536x1536.jpg 1536w\" sizes=\"(max-width: 1654px) 100vw, 1654px\" \/><\/td><td><img decoding=\"async\" loading=\"lazy\" width=\"1654\" height=\"1654\" class=\"wp-image-663\" style=\"width: 150px;\" src=\"https:\/\/nuding-immobilien.de\/wp-content\/uploads\/2022\/01\/Emblem-2022-PMA\u00ae-Fachtraining-fu\u0308r-Immobilienmakler-gross-transparent.png\" alt=\"\" srcset=\"https:\/\/nuding-immobilien.de\/wp-content\/uploads\/2022\/01\/Emblem-2022-PMA\u00ae-Fachtraining-fu\u0308r-Immobilienmakler-gross-transparent.png 1654w, https:\/\/nuding-immobilien.de\/wp-content\/uploads\/2022\/01\/Emblem-2022-PMA\u00ae-Fachtraining-fu\u0308r-Immobilienmakler-gross-transparent-300x300.png 300w, https:\/\/nuding-immobilien.de\/wp-content\/uploads\/2022\/01\/Emblem-2022-PMA\u00ae-Fachtraining-fu\u0308r-Immobilienmakler-gross-transparent-1024x1024.png 1024w, https:\/\/nuding-immobilien.de\/wp-content\/uploads\/2022\/01\/Emblem-2022-PMA\u00ae-Fachtraining-fu\u0308r-Immobilienmakler-gross-transparent-150x150.png 150w, https:\/\/nuding-immobilien.de\/wp-content\/uploads\/2022\/01\/Emblem-2022-PMA\u00ae-Fachtraining-fu\u0308r-Immobilienmakler-gross-transparent-768x768.png 768w, https:\/\/nuding-immobilien.de\/wp-content\/uploads\/2022\/01\/Emblem-2022-PMA\u00ae-Fachtraining-fu\u0308r-Immobilienmakler-gross-transparent-1536x1536.png 1536w\" sizes=\"(max-width: 1654px) 100vw, 1654px\" \/><\/td><td><img decoding=\"async\" loading=\"lazy\" width=\"1654\" height=\"1654\" class=\"wp-image-664\" style=\"width: 150px;\" src=\"https:\/\/nuding-immobilien.de\/wp-content\/uploads\/2022\/01\/Emblem-2021-PMA\u00ae-Fachtraining-fu\u0308r-Immobilienmakler-gross-1.jpg\" alt=\"\" srcset=\"https:\/\/nuding-immobilien.de\/wp-content\/uploads\/2022\/01\/Emblem-2021-PMA\u00ae-Fachtraining-fu\u0308r-Immobilienmakler-gross-1.jpg 1654w, https:\/\/nuding-immobilien.de\/wp-content\/uploads\/2022\/01\/Emblem-2021-PMA\u00ae-Fachtraining-fu\u0308r-Immobilienmakler-gross-1-300x300.jpg 300w, https:\/\/nuding-immobilien.de\/wp-content\/uploads\/2022\/01\/Emblem-2021-PMA\u00ae-Fachtraining-fu\u0308r-Immobilienmakler-gross-1-1024x1024.jpg 1024w, https:\/\/nuding-immobilien.de\/wp-content\/uploads\/2022\/01\/Emblem-2021-PMA\u00ae-Fachtraining-fu\u0308r-Immobilienmakler-gross-1-150x150.jpg 150w, https:\/\/nuding-immobilien.de\/wp-content\/uploads\/2022\/01\/Emblem-2021-PMA\u00ae-Fachtraining-fu\u0308r-Immobilienmakler-gross-1-768x768.jpg 768w, https:\/\/nuding-immobilien.de\/wp-content\/uploads\/2022\/01\/Emblem-2021-PMA\u00ae-Fachtraining-fu\u0308r-Immobilienmakler-gross-1-1536x1536.jpg 1536w\" sizes=\"(max-width: 1654px) 100vw, 1654px\" \/><\/td><td><img decoding=\"async\" loading=\"lazy\" width=\"2560\" height=\"2544\" class=\"wp-image-666\" style=\"width: 150px;\" src=\"https:\/\/nuding-immobilien.de\/wp-content\/uploads\/2022\/01\/Emblem-2020-PMA\u00ae-Fachtraining-fu\u0308r-Immobilienmakler-gross-1-scaled.jpg\" alt=\"\" srcset=\"https:\/\/nuding-immobilien.de\/wp-content\/uploads\/2022\/01\/Emblem-2020-PMA\u00ae-Fachtraining-fu\u0308r-Immobilienmakler-gross-1-scaled.jpg 2560w, https:\/\/nuding-immobilien.de\/wp-content\/uploads\/2022\/01\/Emblem-2020-PMA\u00ae-Fachtraining-fu\u0308r-Immobilienmakler-gross-1-300x298.jpg 300w, https:\/\/nuding-immobilien.de\/wp-content\/uploads\/2022\/01\/Emblem-2020-PMA\u00ae-Fachtraining-fu\u0308r-Immobilienmakler-gross-1-1024x1017.jpg 1024w, https:\/\/nuding-immobilien.de\/wp-content\/uploads\/2022\/01\/Emblem-2020-PMA\u00ae-Fachtraining-fu\u0308r-Immobilienmakler-gross-1-150x150.jpg 150w, https:\/\/nuding-immobilien.de\/wp-content\/uploads\/2022\/01\/Emblem-2020-PMA\u00ae-Fachtraining-fu\u0308r-Immobilienmakler-gross-1-768x763.jpg 768w, https:\/\/nuding-immobilien.de\/wp-content\/uploads\/2022\/01\/Emblem-2020-PMA\u00ae-Fachtraining-fu\u0308r-Immobilienmakler-gross-1-1536x1526.jpg 1536w, https:\/\/nuding-immobilien.de\/wp-content\/uploads\/2022\/01\/Emblem-2020-PMA\u00ae-Fachtraining-fu\u0308r-Immobilienmakler-gross-1-2048x2035.jpg 2048w\" sizes=\"(max-width: 2560px) 100vw, 2560px\" \/><\/td><\/tr><\/tbody><\/table><\/figure>\n<\/div>\n<\/div>\n\n\n\n<p><\/p>\n","protected":false},"excerpt":{"rendered":"<p>Als Immobilienmakler sind wir in den Kreisen Ostalb, Rems-Murr, Schw\u00e4bisch Hall und Hohenlohe t\u00e4tig Wir sind Ihr kompetenter Immobilienmakler in den Kreisen Ostalb, Rems-Murr, Schw\u00e4bisch Hall und Hohenlohe. Ein Merkmal unserer Arbeit ist absolute Zuverl\u00e4ssigkeit und eine detaillierte, korrekte Arbeitsweise. Dabei legen wir Wert darauf, mit unseren Auftraggebern als Team zu arbeiten. Eine st\u00e4ndige Information<\/p><\/div>\n<div class=\"blog-btn\"><a href=\"https:\/\/nuding-immobilien.de\/\" class=\"home-blog-btn\">Weiterlesen<\/a><\/p>\n","protected":false},"author":1,"featured_media":0,"parent":0,"menu_order":2,"comment_status":"closed","ping_status":"closed","template":"","meta":{"footnotes":""},"_links":{"self":[{"href":"https:\/\/nuding-immobilien.de\/index.php?rest_route=\/wp\/v2\/pages\/77"}],"collection":[{"href":"https:\/\/nuding-immobilien.de\/index.php?rest_route=\/wp\/v2\/pages"}],"about":[{"href":"https:\/\/nuding-immobilien.de\/index.php?rest_route=\/wp\/v2\/types\/page"}],"author":[{"embeddable":true,"href":"https:\/\/nuding-immobilien.de\/index.php?rest_route=\/wp\/v2\/users\/1"}],"replies":[{"embeddable":true,"href":"https:\/\/nuding-immobilien.de\/index.php?rest_route=%2Fwp%2Fv2%2Fcomments&post=77"}],"version-history":[{"count":63,"href":"https:\/\/nuding-immobilien.de\/index.php?rest_route=\/wp\/v2\/pages\/77\/revisions"}],"predecessor-version":[{"id":1499,"href":"https:\/\/nuding-immobilien.de\/index.php?rest_route=\/wp\/v2\/pages\/77\/revisions\/1499"}],"wp:attachment":[{"href":"https:\/\/nuding-immobilien.de\/index.php?rest_route=%2Fwp%2Fv2%2Fmedia&parent=77"}],"curies":[{"name":"wp","href":"https:\/\/api.w.org\/{rel}","templated":true}]}}